{"id":3056,"date":"2024-06-19T05:06:36","date_gmt":"2024-06-19T05:06:36","guid":{"rendered":"https:\/\/demo.awaikenthemes.com\/builtup\/?page_id=3056"},"modified":"2024-11-15T11:14:06","modified_gmt":"2024-11-15T11:14:06","slug":"services","status":"publish","type":"page","link":"https:\/\/wierttech.pl\/?page_id=3056","title":{"rendered":"Services"},"content":{"rendered":"\t\t<div data-elementor-type=\"wp-page\" data-elementor-id=\"3056\" class=\"elementor elementor-3056\">\n\t\t\t\t<div class=\"elementor-element elementor-element-77ff169f e-con-full e-flex e-con e-parent\" data-id=\"77ff169f\" data-element_type=\"container\" data-e-type=\"container\" id=\"uslugi\" data-settings=\"{&quot;background_background&quot;:&quot;classic&quot;}\">\n\t\t<div class=\"elementor-element elementor-element-69b98674 e-flex e-con-boxed e-con e-child\" data-id=\"69b98674\" data-element_type=\"container\" data-e-type=\"container\">\n\t\t\t\t\t<div class=\"e-con-inner\">\n\t\t<div class=\"elementor-element elementor-element-5d140826 e-con-full e-flex e-con e-child\" data-id=\"5d140826\" data-element_type=\"container\" data-e-type=\"container\">\n\t\t\t\t<div class=\"elementor-element elementor-element-4bdcfa96 at-heading-animation at-animation-heading-none elementor-invisible elementor-widget elementor-widget-heading\" data-id=\"4bdcfa96\" data-element_type=\"widget\" data-e-type=\"widget\" data-settings=\"{&quot;_animation&quot;:&quot;fadeInUp&quot;,&quot;ekit_we_effect_on&quot;:&quot;none&quot;}\" data-widget_type=\"heading.default\">\n\t\t\t\t<div class=\"elementor-widget-container\">\n\t\t\t\t\t<h3 class=\"elementor-heading-title elementor-size-default\">Czym  si\u0119 zajmujemy<\/h3>\t\t\t\t<\/div>\n\t\t\t\t<\/div>\n\t\t\t\t<div class=\"elementor-element elementor-element-20fef15b at-heading-animation at-animation-heading-style-3 elementor-widget elementor-widget-heading\" data-id=\"20fef15b\" data-element_type=\"widget\" data-e-type=\"widget\" data-settings=\"{&quot;ekit_we_effect_on&quot;:&quot;none&quot;}\" data-widget_type=\"heading.default\">\n\t\t\t\t<div class=\"elementor-widget-container\">\n\t\t\t\t\t<h2 class=\"elementor-heading-title elementor-size-default\">Zakres naszych us\u0142ug<\/h2>\t\t\t\t<\/div>\n\t\t\t\t<\/div>\n\t\t\t\t<div class=\"elementor-element elementor-element-3c4e08a1 elementor-widget__width-initial elementor-invisible elementor-widget elementor-widget-text-editor\" data-id=\"3c4e08a1\" data-element_type=\"widget\" data-e-type=\"widget\" data-settings=\"{&quot;_animation&quot;:&quot;fadeInUp&quot;,&quot;_animation_delay&quot;:100,&quot;ekit_we_effect_on&quot;:&quot;none&quot;}\" data-widget_type=\"text-editor.default\">\n\t\t\t\t<div class=\"elementor-widget-container\">\n\t\t\t\t\t\t\t\t\t<p><span data-olk-copy-source=\"MessageBody\">Realizujemy zlecenia na terenia ca\u0142ego kraju, a wizyta naszego specjalisty na Pa\u0144stwa budowie i wycena jest zawsze darmowa.<\/span><\/p>\t\t\t\t\t\t\t\t<\/div>\n\t\t\t\t<\/div>\n\t\t\t\t<\/div>\n\t\t\t\t\t<\/div>\n\t\t\t\t<\/div>\n\t\t<div class=\"elementor-element elementor-element-21a97b44 e-con-full e-flex e-con e-child\" data-id=\"21a97b44\" data-element_type=\"container\" data-e-type=\"container\">\n\t\t<div class=\"elementor-element elementor-element-67bb978d e-con-full e-flex elementor-invisible e-con e-child\" data-id=\"67bb978d\" data-element_type=\"container\" data-e-type=\"container\" data-settings=\"{&quot;animation&quot;:&quot;fadeInUp&quot;}\">\n\t\t\t\t<div class=\"elementor-element elementor-element-6140df9f service-item ekit-equal-height-disable elementor-widget elementor-widget-elementskit-image-box\" data-id=\"6140df9f\" data-element_type=\"widget\" data-e-type=\"widget\" data-settings=\"{&quot;ekit_we_effect_on&quot;:&quot;none&quot;}\" data-widget_type=\"elementskit-image-box.default\">\n\t\t\t\t<div class=\"elementor-widget-container\">\n\t\t\t\t\t<div class=\"ekit-wid-con\" >\n            <div class=\"elementskit-info-image-box ekit-image-box text-left simple-card\" >\n\n                <a >\n                <div class=\"elementskit-box-header image-box-img-left\">\n\n                    <img fetchpriority=\"high\" decoding=\"async\" width=\"1600\" height=\"1200\" src=\"https:\/\/wierttech.pl\/wp-content\/uploads\/2024\/11\/wiercenie.jpg\" class=\"attachment-full size-full wp-image-6410\" alt=\"\" srcset=\"https:\/\/wierttech.pl\/wp-content\/uploads\/2024\/11\/wiercenie.jpg 1600w, https:\/\/wierttech.pl\/wp-content\/uploads\/2024\/11\/wiercenie-300x225.jpg 300w, https:\/\/wierttech.pl\/wp-content\/uploads\/2024\/11\/wiercenie-1024x768.jpg 1024w, https:\/\/wierttech.pl\/wp-content\/uploads\/2024\/11\/wiercenie-768x576.jpg 768w, https:\/\/wierttech.pl\/wp-content\/uploads\/2024\/11\/wiercenie-1536x1152.jpg 1536w\" sizes=\"(max-width: 1600px) 100vw, 1600px\" \/>\n                <\/div>\n                <\/a>\n                <div class=\"elementskit-box-body ekit-image-box-body\">\n                    <div class=\"elementskit-box-content ekit-image-box-body-inner\">\n                                                <h3 class=\"elementskit-info-box-title\">\n\n                        Wiercenie\n                        \n                    <\/h3>\n                                                            <div class=\"elementskit-box-style-content\">\n                        Wybierz nasze profesjonalne us\u0142ugi wiercenia w betonie i przekonaj si\u0119 o precyzji oraz jako\u015bci, jak\u0105 oferujemy!                    <\/div>\n                                    <\/div>\n\n                                <div class=\"elementskit-box-footer\">\n                    <div class=\"box-footer\">\n                        <div class=\"btn-wraper\">\n                                                            <a href=\"https:\/\/wierttech.pl\/?page_id=5525\" class=\"elementskit-btn whitespace--normal\">\n                                    Wi\u0119cej\n                                    <svg xmlns=\"http:\/\/www.w3.org\/2000\/svg\" width=\"24\" height=\"24\" viewBox=\"0 0 24 24\" fill=\"none\"><path d=\"M12.75 15L15.75 12M15.75 12L12.75 9M15.75 12H8.25M21 12C21 13.1819 20.7672 14.3522 20.3149 15.4442C19.8626 16.5361 19.1997 17.5282 18.364 18.364C17.5282 19.1997 16.5361 19.8626 15.4442 20.3149C14.3522 20.7672 13.1819 21 12 21C10.8181 21 9.64778 20.7672 8.55585 20.3149C7.46392 19.8626 6.47177 19.1997 5.63604 18.364C4.80031 17.5282 4.13738 16.5361 3.68508 15.4442C3.23279 14.3522 3 13.1819 3 12C3 9.61305 3.94821 7.32387 5.63604 5.63604C7.32387 3.94821 9.61305 3 12 3C14.3869 3 16.6761 3.94821 18.364 5.63604C20.0518 7.32387 21 9.61305 21 12Z\" stroke=\"white\" stroke-width=\"1.5\" stroke-linecap=\"round\" stroke-linejoin=\"round\"><\/path><\/svg>\n                                <\/a>\n                                                        <\/div>\n                    <\/div>\n                <\/div>\n                            <\/div>\n            <\/div>\n    <\/div>\t\t\t\t<\/div>\n\t\t\t\t<\/div>\n\t\t\t\t<\/div>\n\t\t<div class=\"elementor-element elementor-element-745a8299 e-con-full e-flex elementor-invisible e-con e-child\" data-id=\"745a8299\" data-element_type=\"container\" data-e-type=\"container\" data-settings=\"{&quot;animation&quot;:&quot;fadeInUp&quot;,&quot;animation_delay&quot;:100}\">\n\t\t\t\t<div class=\"elementor-element elementor-element-19f072ac service-item ekit-equal-height-disable elementor-widget elementor-widget-elementskit-image-box\" data-id=\"19f072ac\" data-element_type=\"widget\" data-e-type=\"widget\" data-settings=\"{&quot;ekit_we_effect_on&quot;:&quot;none&quot;}\" data-widget_type=\"elementskit-image-box.default\">\n\t\t\t\t<div class=\"elementor-widget-container\">\n\t\t\t\t\t<div class=\"ekit-wid-con\" >\n            <div class=\"elementskit-info-image-box ekit-image-box text-left simple-card\" >\n\n                <a href=\"https:\/\/wierttech.pl\/?page_id=5530\">\n                <div class=\"elementskit-box-header image-box-img-left\">\n\n                    <img decoding=\"async\" width=\"1600\" height=\"1200\" src=\"https:\/\/wierttech.pl\/wp-content\/uploads\/2024\/11\/ciecie.jpg\" class=\"attachment-full size-full wp-image-6411\" alt=\"\" srcset=\"https:\/\/wierttech.pl\/wp-content\/uploads\/2024\/11\/ciecie.jpg 1600w, https:\/\/wierttech.pl\/wp-content\/uploads\/2024\/11\/ciecie-300x225.jpg 300w, https:\/\/wierttech.pl\/wp-content\/uploads\/2024\/11\/ciecie-1024x768.jpg 1024w, https:\/\/wierttech.pl\/wp-content\/uploads\/2024\/11\/ciecie-768x576.jpg 768w, https:\/\/wierttech.pl\/wp-content\/uploads\/2024\/11\/ciecie-1536x1152.jpg 1536w\" sizes=\"(max-width: 1600px) 100vw, 1600px\" \/>\n                <\/div>\n                <\/a>\n                <div class=\"elementskit-box-body ekit-image-box-body\">\n                    <div class=\"elementskit-box-content ekit-image-box-body-inner\">\n                                                <h3 class=\"elementskit-info-box-title\">\n\n                        Ci\u0119cie\n                        \n                    <\/h3>\n                                                            <div class=\"elementskit-box-style-content\">\n                        Nasza firma specjalizuje si\u0119 w profesjonalnym ci\u0119ciu betonu, oferuj\u0105c us\u0142ugi dostosowane do potrzeb klient\u00f3w zar\u00f3wno indywidualnych, jak i biznesowych.                    <\/div>\n                                    <\/div>\n\n                                <div class=\"elementskit-box-footer\">\n                    <div class=\"box-footer\">\n                        <div class=\"btn-wraper\">\n                                                            <a href=\"https:\/\/wierttech.pl\/?page_id=5530\" class=\"elementskit-btn whitespace--normal\">\n                                    Wi\u0119cej\n                                    <svg xmlns=\"http:\/\/www.w3.org\/2000\/svg\" width=\"24\" height=\"24\" viewBox=\"0 0 24 24\" fill=\"none\"><path d=\"M12.75 15L15.75 12M15.75 12L12.75 9M15.75 12H8.25M21 12C21 13.1819 20.7672 14.3522 20.3149 15.4442C19.8626 16.5361 19.1997 17.5282 18.364 18.364C17.5282 19.1997 16.5361 19.8626 15.4442 20.3149C14.3522 20.7672 13.1819 21 12 21C10.8181 21 9.64778 20.7672 8.55585 20.3149C7.46392 19.8626 6.47177 19.1997 5.63604 18.364C4.80031 17.5282 4.13738 16.5361 3.68508 15.4442C3.23279 14.3522 3 13.1819 3 12C3 9.61305 3.94821 7.32387 5.63604 5.63604C7.32387 3.94821 9.61305 3 12 3C14.3869 3 16.6761 3.94821 18.364 5.63604C20.0518 7.32387 21 9.61305 21 12Z\" stroke=\"white\" stroke-width=\"1.5\" stroke-linecap=\"round\" stroke-linejoin=\"round\"><\/path><\/svg>\n                                <\/a>\n                                                        <\/div>\n                    <\/div>\n                <\/div>\n                            <\/div>\n            <\/div>\n    <\/div>\t\t\t\t<\/div>\n\t\t\t\t<\/div>\n\t\t\t\t<\/div>\n\t\t<div class=\"elementor-element elementor-element-557325e e-con-full e-flex elementor-invisible e-con e-child\" data-id=\"557325e\" data-element_type=\"container\" data-e-type=\"container\" data-settings=\"{&quot;animation&quot;:&quot;fadeInUp&quot;,&quot;animation_delay&quot;:200}\">\n\t\t\t\t<div class=\"elementor-element elementor-element-7be73755 service-item ekit-equal-height-disable elementor-widget elementor-widget-elementskit-image-box\" data-id=\"7be73755\" data-element_type=\"widget\" data-e-type=\"widget\" data-settings=\"{&quot;ekit_we_effect_on&quot;:&quot;none&quot;}\" data-widget_type=\"elementskit-image-box.default\">\n\t\t\t\t<div class=\"elementor-widget-container\">\n\t\t\t\t\t<div class=\"ekit-wid-con\" >\n            <div class=\"elementskit-info-image-box ekit-image-box text-left simple-card\" >\n\n                <a href=\"https:\/\/wierttech.pl\/?page_id=2461\">\n                <div class=\"elementskit-box-header image-box-img-left\">\n\n                    <img decoding=\"async\" width=\"1600\" height=\"1200\" src=\"https:\/\/wierttech.pl\/wp-content\/uploads\/2024\/11\/kucie.jpg\" class=\"attachment-full size-full wp-image-6412\" alt=\"\" srcset=\"https:\/\/wierttech.pl\/wp-content\/uploads\/2024\/11\/kucie.jpg 1600w, https:\/\/wierttech.pl\/wp-content\/uploads\/2024\/11\/kucie-300x225.jpg 300w, https:\/\/wierttech.pl\/wp-content\/uploads\/2024\/11\/kucie-1024x768.jpg 1024w, https:\/\/wierttech.pl\/wp-content\/uploads\/2024\/11\/kucie-768x576.jpg 768w, https:\/\/wierttech.pl\/wp-content\/uploads\/2024\/11\/kucie-1536x1152.jpg 1536w\" sizes=\"(max-width: 1600px) 100vw, 1600px\" \/>\n                <\/div>\n                <\/a>\n                <div class=\"elementskit-box-body ekit-image-box-body\">\n                    <div class=\"elementskit-box-content ekit-image-box-body-inner\">\n                                                <h3 class=\"elementskit-info-box-title\">\n\n                        Kucie\n                        \n                    <\/h3>\n                                                            <div class=\"elementskit-box-style-content\">\n                        Nasza firma oferuje kompleksowe us\u0142ugi kucia betonu, zar\u00f3wno r\u0119czne, jak i z wykorzystaniem innowacyjnych robot\u00f3w Brokk.                     <\/div>\n                                    <\/div>\n\n                                <div class=\"elementskit-box-footer\">\n                    <div class=\"box-footer\">\n                        <div class=\"btn-wraper\">\n                                                            <a href=\"https:\/\/wierttech.pl\/?page_id=2461\" class=\"elementskit-btn whitespace--normal\">\n                                    Wi\u0119cej\n                                    <svg xmlns=\"http:\/\/www.w3.org\/2000\/svg\" width=\"24\" height=\"24\" viewBox=\"0 0 24 24\" fill=\"none\"><path d=\"M12.75 15L15.75 12M15.75 12L12.75 9M15.75 12H8.25M21 12C21 13.1819 20.7672 14.3522 20.3149 15.4442C19.8626 16.5361 19.1997 17.5282 18.364 18.364C17.5282 19.1997 16.5361 19.8626 15.4442 20.3149C14.3522 20.7672 13.1819 21 12 21C10.8181 21 9.64778 20.7672 8.55585 20.3149C7.46392 19.8626 6.47177 19.1997 5.63604 18.364C4.80031 17.5282 4.13738 16.5361 3.68508 15.4442C3.23279 14.3522 3 13.1819 3 12C3 9.61305 3.94821 7.32387 5.63604 5.63604C7.32387 3.94821 9.61305 3 12 3C14.3869 3 16.6761 3.94821 18.364 5.63604C20.0518 7.32387 21 9.61305 21 12Z\" stroke=\"white\" stroke-width=\"1.5\" stroke-linecap=\"round\" stroke-linejoin=\"round\"><\/path><\/svg>\n                                <\/a>\n                                                        <\/div>\n                    <\/div>\n                <\/div>\n                            <\/div>\n            <\/div>\n    <\/div>\t\t\t\t<\/div>\n\t\t\t\t<\/div>\n\t\t\t\t<\/div>\n\t\t\t\t<\/div>\n\t\t\t\t<\/div>\n\t\t\t\t<\/div>\n\t\t","protected":false},"excerpt":{"rendered":"<p>Czym si\u0119 zajmujemy Zakres naszych us\u0142ug Realizujemy zlecenia na terenia ca\u0142ego kraju, [&hellip;]<\/p>\n","protected":false},"author":1,"featured_media":0,"parent":0,"menu_order":0,"comment_status":"closed","ping_status":"closed","template":"","meta":{"footnotes":""},"class_list":["post-3056","page","type-page","status-publish","hentry"],"_links":{"self":[{"href":"https:\/\/wierttech.pl\/index.php?rest_route=\/wp\/v2\/pages\/3056"}],"collection":[{"href":"https:\/\/wierttech.pl\/index.php?rest_route=\/wp\/v2\/pages"}],"about":[{"href":"https:\/\/wierttech.pl\/index.php?rest_route=\/wp\/v2\/types\/page"}],"author":[{"embeddable":true,"href":"https:\/\/wierttech.pl\/index.php?rest_route=\/wp\/v2\/users\/1"}],"replies":[{"embeddable":true,"href":"https:\/\/wierttech.pl\/index.php?rest_route=%2Fwp%2Fv2%2Fcomments&post=3056"}],"version-history":[{"count":7,"href":"https:\/\/wierttech.pl\/index.php?rest_route=\/wp\/v2\/pages\/3056\/revisions"}],"predecessor-version":[{"id":6529,"href":"https:\/\/wierttech.pl\/index.php?rest_route=\/wp\/v2\/pages\/3056\/revisions\/6529"}],"wp:attachment":[{"href":"https:\/\/wierttech.pl\/index.php?rest_route=%2Fwp%2Fv2%2Fmedia&parent=3056"}],"curies":[{"name":"wp","href":"https:\/\/api.w.org\/{rel}","templated":true}]}}