{"id":6575,"date":"2026-01-26T14:46:16","date_gmt":"2026-01-26T14:46:16","guid":{"rendered":"https:\/\/wierttech.pl\/?page_id=6575"},"modified":"2026-01-26T16:07:25","modified_gmt":"2026-01-26T16:07:25","slug":"sciany-szczelinowe-i-pale","status":"publish","type":"page","link":"https:\/\/wierttech.pl\/?page_id=6575","title":{"rendered":"\u015aciany szczelinowe i pale"},"content":{"rendered":"\t\t<div data-elementor-type=\"wp-page\" data-elementor-id=\"6575\" class=\"elementor elementor-6575\">\n\t\t\t\t<div class=\"elementor-element elementor-element-56ef178 e-flex e-con-boxed e-con e-parent\" data-id=\"56ef178\" data-element_type=\"container\" data-e-type=\"container\">\n\t\t\t\t\t<div class=\"e-con-inner\">\n\t\t<div class=\"elementor-element elementor-element-706112ff e-con-full e-flex e-con e-child\" data-id=\"706112ff\" data-element_type=\"container\" data-e-type=\"container\">\n\t\t<div class=\"elementor-element elementor-element-23e9f535 e-con-full e-flex e-con e-child\" data-id=\"23e9f535\" data-element_type=\"container\" data-e-type=\"container\">\n\t\t\t\t<div class=\"elementor-element elementor-element-596260c2 service-images-slider elementor-arrows-position-inside elementor-invisible elementor-widget elementor-widget-image-carousel\" data-id=\"596260c2\" data-element_type=\"widget\" data-e-type=\"widget\" data-settings=\"{&quot;slides_to_show&quot;:&quot;1&quot;,&quot;navigation&quot;:&quot;arrows&quot;,&quot;_animation&quot;:&quot;fadeInUp&quot;,&quot;autoplay&quot;:&quot;yes&quot;,&quot;pause_on_hover&quot;:&quot;yes&quot;,&quot;pause_on_interaction&quot;:&quot;yes&quot;,&quot;autoplay_speed&quot;:5000,&quot;infinite&quot;:&quot;yes&quot;,&quot;effect&quot;:&quot;slide&quot;,&quot;speed&quot;:500,&quot;ekit_we_effect_on&quot;:&quot;none&quot;}\" data-widget_type=\"image-carousel.default\">\n\t\t\t\t<div class=\"elementor-widget-container\">\n\t\t\t\t\t\t\t<div class=\"elementor-image-carousel-wrapper swiper\" role=\"region\" aria-roledescription=\"carousel\" aria-label=\"Karuzela obrazk\u00f3w\" dir=\"ltr\">\n\t\t\t<div class=\"elementor-image-carousel swiper-wrapper\" aria-live=\"off\">\n\t\t\t\t\t\t\t\t<div class=\"swiper-slide\" role=\"group\" aria-roledescription=\"slide\" aria-label=\"1 z 1\"><figure class=\"swiper-slide-inner\"><img decoding=\"async\" class=\"swiper-slide-image\" src=\"https:\/\/wierttech.pl\/wp-content\/uploads\/2026\/01\/kuciepali-scaled.jpeg\" alt=\"kuciepali\" \/><\/figure><\/div>\t\t\t<\/div>\n\t\t\t\t\t<\/div>\n\t\t\t\t\t\t<\/div>\n\t\t\t\t<\/div>\n\t\t\t\t<\/div>\n\t\t<div class=\"elementor-element elementor-element-6c6c463d e-con-full e-flex e-con e-child\" data-id=\"6c6c463d\" data-element_type=\"container\" data-e-type=\"container\">\n\t\t\t\t<div class=\"elementor-element elementor-element-c27121 elementor-invisible elementor-widget elementor-widget-text-editor\" data-id=\"c27121\" data-element_type=\"widget\" data-e-type=\"widget\" data-settings=\"{&quot;_animation&quot;:&quot;fadeInUp&quot;,&quot;ekit_we_effect_on&quot;:&quot;none&quot;}\" data-widget_type=\"text-editor.default\">\n\t\t\t\t<div class=\"elementor-widget-container\">\n\t\t\t\t\t\t\t\t\t<p>Wykonujemy specjalistyczne prace zwi\u0105zane z obs\u0142ug\u0105 \u015bcian szczelinowych<br \/>oraz kuciem pali fundamentowych na budowach kubaturowych i<br \/>infrastrukturalnych.<\/p><p>Realizujemy roboty na ka\u017cdym etapie inwestycji \u2013 od przygotowania<br \/>element\u00f3w konstrukcyjnych, przez korekty geometryczne, a\u017c po prace<br \/>wyko\u0144czeniowe wymagane przed betonowaniem lub monta\u017cem kolejnych<br \/>element\u00f3w.<\/p>\t\t\t\t\t\t\t\t<\/div>\n\t\t\t\t<\/div>\n\t\t<div class=\"elementor-element elementor-element-21d3ed85 e-con-full e-flex e-con e-child\" data-id=\"21d3ed85\" data-element_type=\"container\" data-e-type=\"container\">\n\t\t\t\t<div class=\"elementor-element elementor-element-21ec55ed at-heading-animation at-animation-heading-none elementor-widget elementor-widget-heading\" data-id=\"21ec55ed\" data-element_type=\"widget\" data-e-type=\"widget\" data-settings=\"{&quot;ekit_we_effect_on&quot;:&quot;none&quot;}\" data-widget_type=\"heading.default\">\n\t\t\t\t<div class=\"elementor-widget-container\">\n\t\t\t\t\t<h3 class=\"elementor-heading-title elementor-size-default\">Zakres wykonywanych prac:<\/h3>\t\t\t\t<\/div>\n\t\t\t\t<\/div>\n\t\t\t\t<\/div>\n\t\t\t\t<div class=\"elementor-element elementor-element-2169d247 column-2 elementor-align-start elementor-icon-list--layout-traditional elementor-list-item-link-full_width elementor-invisible elementor-widget elementor-widget-icon-list\" data-id=\"2169d247\" data-element_type=\"widget\" data-e-type=\"widget\" data-settings=\"{&quot;_animation&quot;:&quot;fadeInUp&quot;,&quot;_animation_delay&quot;:100,&quot;ekit_we_effect_on&quot;:&quot;none&quot;}\" data-widget_type=\"icon-list.default\">\n\t\t\t\t<div class=\"elementor-widget-container\">\n\t\t\t\t\t\t\t<ul class=\"elementor-icon-list-items\">\n\t\t\t\t\t\t\t<li class=\"elementor-icon-list-item\">\n\t\t\t\t\t\t\t\t\t\t\t<span class=\"elementor-icon-list-icon\">\n\t\t\t\t\t\t\t<i aria-hidden=\"true\" class=\"fas fa-check-circle\"><\/i>\t\t\t\t\t\t<\/span>\n\t\t\t\t\t\t\t\t\t\t<span class=\"elementor-icon-list-text\">kucie pali fundamentowych (CFA, prefabrykowane, wielko\u015brednicowe)<\/span>\n\t\t\t\t\t\t\t\t\t<\/li>\n\t\t\t\t\t\t\t\t<li class=\"elementor-icon-list-item\">\n\t\t\t\t\t\t\t\t\t\t\t<span class=\"elementor-icon-list-icon\">\n\t\t\t\t\t\t\t<i aria-hidden=\"true\" class=\"fas fa-check-circle\"><\/i>\t\t\t\t\t\t<\/span>\n\t\t\t\t\t\t\t\t\t\t<span class=\"elementor-icon-list-text\">kucie i oczyszczanie korony \u015bcian szczelinowych pod oczep<\/span>\n\t\t\t\t\t\t\t\t\t<\/li>\n\t\t\t\t\t\t\t\t<li class=\"elementor-icon-list-item\">\n\t\t\t\t\t\t\t\t\t\t\t<span class=\"elementor-icon-list-icon\">\n\t\t\t\t\t\t\t<i aria-hidden=\"true\" class=\"fas fa-check-circle\"><\/i>\t\t\t\t\t\t<\/span>\n\t\t\t\t\t\t\t\t\t\t<span class=\"elementor-icon-list-text\">wykuwanie rezerwacji, wn\u0119k oraz tzw. \u201epampers\u00f3w\u201d<\/span>\n\t\t\t\t\t\t\t\t\t<\/li>\n\t\t\t\t\t\t\t\t<li class=\"elementor-icon-list-item\">\n\t\t\t\t\t\t\t\t\t\t\t<span class=\"elementor-icon-list-icon\">\n\t\t\t\t\t\t\t<i aria-hidden=\"true\" class=\"fas fa-check-circle\"><\/i>\t\t\t\t\t\t<\/span>\n\t\t\t\t\t\t\t\t\t\t<span class=\"elementor-icon-list-text\">usuwanie nadlew\u00f3w, guz\u00f3w i rak\u00f3w betonu<\/span>\n\t\t\t\t\t\t\t\t\t<\/li>\n\t\t\t\t\t\t\t\t<li class=\"elementor-icon-list-item\">\n\t\t\t\t\t\t\t\t\t\t\t<span class=\"elementor-icon-list-icon\">\n\t\t\t\t\t\t\t<i aria-hidden=\"true\" class=\"fas fa-check-circle\"><\/i>\t\t\t\t\t\t<\/span>\n\t\t\t\t\t\t\t\t\t\t<span class=\"elementor-icon-list-text\">mycie i przygotowanie powierzchni \u015bcian szczelinowych<\/span>\n\t\t\t\t\t\t\t\t\t<\/li>\n\t\t\t\t\t\t\t\t<li class=\"elementor-icon-list-item\">\n\t\t\t\t\t\t\t\t\t\t\t<span class=\"elementor-icon-list-icon\">\n\t\t\t\t\t\t\t<i aria-hidden=\"true\" class=\"fas fa-check-circle\"><\/i>\t\t\t\t\t\t<\/span>\n\t\t\t\t\t\t\t\t\t\t<span class=\"elementor-icon-list-text\">korekta geometrii element\u00f3w \u017celbetowych zgodnie z dokumentacj\u0105<\/span>\n\t\t\t\t\t\t\t\t\t<\/li>\n\t\t\t\t\t\t<\/ul>\n\t\t\t\t\t\t<\/div>\n\t\t\t\t<\/div>\n\t\t\t\t<div class=\"elementor-element elementor-element-6a75d44 elementor-invisible elementor-widget elementor-widget-text-editor\" data-id=\"6a75d44\" data-element_type=\"widget\" data-e-type=\"widget\" data-settings=\"{&quot;_animation&quot;:&quot;fadeInUp&quot;,&quot;ekit_we_effect_on&quot;:&quot;none&quot;}\" data-widget_type=\"text-editor.default\">\n\t\t\t\t<div class=\"elementor-widget-container\">\n\t\t\t\t\t\t\t\t\t<p>Prace wykonujemy r\u0119cznie lub z wykorzystaniem robot\u00f3w wyburzeniowych, m\u0142ot\u00f3w hydraulicznych oraz narz\u0119dzi diamentowych, co pozwala na bezpieczn\u0105 i precyzyjn\u0105 realizacj\u0119 rob\u00f3t tak\u017ce w ograniczonej przestrzeni wykop\u00f3w.<\/p><p>Ka\u017cde zlecenie realizujemy zgodnie z obowi\u0105zuj\u0105cymi przepisami BHP oraz<br \/>wymaganiami projektowymi.<\/p>\t\t\t\t\t\t\t\t<\/div>\n\t\t\t\t<\/div>\n\t\t\t\t<\/div>\n\t\t\t\t<\/div>\n\t\t\t\t\t<\/div>\n\t\t\t\t<\/div>\n\t\t\t\t<\/div>\n\t\t","protected":false},"excerpt":{"rendered":"<p>Wykonujemy specjalistyczne prace zwi\u0105zane z obs\u0142ug\u0105 \u015bcian szczelinowychoraz kuciem pali fundamentowych na [&hellip;]<\/p>\n","protected":false},"author":1,"featured_media":0,"parent":0,"menu_order":0,"comment_status":"closed","ping_status":"closed","template":"","meta":{"footnotes":""},"class_list":["post-6575","page","type-page","status-publish","hentry"],"_links":{"self":[{"href":"https:\/\/wierttech.pl\/index.php?rest_route=\/wp\/v2\/pages\/6575"}],"collection":[{"href":"https:\/\/wierttech.pl\/index.php?rest_route=\/wp\/v2\/pages"}],"about":[{"href":"https:\/\/wierttech.pl\/index.php?rest_route=\/wp\/v2\/types\/page"}],"author":[{"embeddable":true,"href":"https:\/\/wierttech.pl\/index.php?rest_route=\/wp\/v2\/users\/1"}],"replies":[{"embeddable":true,"href":"https:\/\/wierttech.pl\/index.php?rest_route=%2Fwp%2Fv2%2Fcomments&post=6575"}],"version-history":[{"count":10,"href":"https:\/\/wierttech.pl\/index.php?rest_route=\/wp\/v2\/pages\/6575\/revisions"}],"predecessor-version":[{"id":6606,"href":"https:\/\/wierttech.pl\/index.php?rest_route=\/wp\/v2\/pages\/6575\/revisions\/6606"}],"wp:attachment":[{"href":"https:\/\/wierttech.pl\/index.php?rest_route=%2Fwp%2Fv2%2Fmedia&parent=6575"}],"curies":[{"name":"wp","href":"https:\/\/api.w.org\/{rel}","templated":true}]}}